{"id":319,"date":"2025-04-13T13:04:48","date_gmt":"2025-04-13T16:04:48","guid":{"rendered":"https:\/\/elixirroyale.com.br\/index.php\/product\/valvula-dosadora-pump\/"},"modified":"2026-03-25T10:12:31","modified_gmt":"2026-03-25T13:12:31","slug":"valvula-dosadora-pump","status":"publish","type":"product","link":"https:\/\/elixirroyale.com.br\/index.php\/product\/valvula-dosadora-pump\/","title":{"rendered":"VALVULA DOSADORA (PUMP)"},"content":{"rendered":"<p><span style=\"font-family: 'Proxima Nova', -apple-system, Roboto, Arial, sans-serif;font-size: 20px\">Pump Bico Dosador Elixir Royale para Garrafa de Xarope de Vidro 700ml &#8211; 10ml: Ideal para dosagem precisa de xaropes, o pump libera 10ml por dose, facilitando o controle e a utiliza\u00e7\u00e3o. Compat\u00edvel com garrafas de vidro de 700ml com rosca de 31mm, perfeito para drinks, coquet\u00e9is e outras bebidas. Pr\u00e1tico, dur\u00e1vel e essencial para quem busca qualidade e praticidade no preparo de suas receitas.<\/span><\/p>\n<p><span style=\"font-family: 'Proxima Nova', -apple-system, Roboto, Arial, sans-serif;font-size: 20px\">Compat\u00edvem com Garrafas elixir Royale e Monin<\/span><\/p>\n","protected":false},"excerpt":{"rendered":"<p>Bomba dosadora para xarope, 10ml, rosca 31mm para garrafas de Vidro de 700ml<\/p>\n","protected":false},"featured_media":349,"template":"","meta":{"om_disable_all_campaigns":false,"_monsterinsights_skip_tracking":false,"_monsterinsights_sitenote_active":false,"_monsterinsights_sitenote_note":"","_monsterinsights_sitenote_category":0},"product_brand":[],"product_cat":[46],"product_tag":[],"class_list":{"0":"post-319","1":"product","2":"type-product","3":"status-publish","4":"has-post-thumbnail","6":"product_cat-acessorios","8":"first","9":"instock","10":"shipping-taxable","11":"purchasable","12":"product-type-simple"},"aioseo_notices":[],"jetpack_sharing_enabled":true,"_links":{"self":[{"href":"https:\/\/elixirroyale.com.br\/index.php\/wp-json\/wp\/v2\/product\/319","targetHints":{"allow":["GET"]}}],"collection":[{"href":"https:\/\/elixirroyale.com.br\/index.php\/wp-json\/wp\/v2\/product"}],"about":[{"href":"https:\/\/elixirroyale.com.br\/index.php\/wp-json\/wp\/v2\/types\/product"}],"wp:featuredmedia":[{"embeddable":true,"href":"https:\/\/elixirroyale.com.br\/index.php\/wp-json\/wp\/v2\/media\/349"}],"wp:attachment":[{"href":"https:\/\/elixirroyale.com.br\/index.php\/wp-json\/wp\/v2\/media?parent=319"}],"wp:term":[{"taxonomy":"product_brand","embeddable":true,"href":"https:\/\/elixirroyale.com.br\/index.php\/wp-json\/wp\/v2\/product_brand?post=319"},{"taxonomy":"product_cat","embeddable":true,"href":"https:\/\/elixirroyale.com.br\/index.php\/wp-json\/wp\/v2\/product_cat?post=319"},{"taxonomy":"product_tag","embeddable":true,"href":"https:\/\/elixirroyale.com.br\/index.php\/wp-json\/wp\/v2\/product_tag?post=319"}],"curies":[{"name":"wp","href":"https:\/\/api.w.org\/{rel}","templated":true}]}}