{"id":58,"date":"2023-05-22T11:12:08","date_gmt":"2023-05-22T14:12:08","guid":{"rendered":"https:\/\/elixirroyale.com.br\/?post_type=product&#038;p=58"},"modified":"2026-04-22T10:16:05","modified_gmt":"2026-04-22T13:16:05","slug":"xarope-de-limao-siciliano","status":"publish","type":"product","link":"https:\/\/elixirroyale.com.br\/index.php\/product\/xarope-de-limao-siciliano\/","title":{"rendered":"Xarope de Lim\u00e3o Siciliano Elixir Royale 700ml"},"content":{"rendered":"<p>Explore o brilho c\u00edtrico e o frescor incompar\u00e1vel do Mediterr\u00e2neo em cada gota do xarope de lim\u00e3o siciliano da Elixir Royale. Extra\u00eddo dos lim\u00f5es mais suculentos e perfumados, este elixir \u00e9 uma ode \u00e0 sofistica\u00e7\u00e3o e ao sabor aut\u00eantico. Sinta a explos\u00e3o de notas c\u00edtricas em sua boca, um convite irresist\u00edvel para despertar os sentidos e transformar suas cria\u00e7\u00f5es culin\u00e1rias em obras-primas gastron\u00f4micas. Da suavidade do primeiro gole \u00e0 vivacidade do aroma que permeia o ar, cada momento com o xarope de lim\u00e3o siciliano \u00e9 uma celebra\u00e7\u00e3o da arte de saborear a vida. Descubra a ess\u00eancia do frescor e da eleg\u00e2ncia em cada garrafa, uma verdadeira joia para os paladares mais exigentes<\/p>\n<p>&nbsp;<\/p>\n<p>Xarope de fruta para preparo de bebidas sabor Lim\u00e3o Siciliano<\/p>\n<p>Conte\u00fado: 700ml<\/p>\n<p>&nbsp;<\/p>\n","protected":false},"excerpt":{"rendered":"<p>Xarope de fruta para preparo de bebidas sabor Lim\u00e3o Siciliano<\/p>\n<p>Conte\u00fado: 700ml<\/p>\n<p>&nbsp;<\/p>\n","protected":false},"featured_media":327,"template":"","meta":{"om_disable_all_campaigns":false,"_monsterinsights_skip_tracking":false,"_monsterinsights_sitenote_active":false,"_monsterinsights_sitenote_note":"","_monsterinsights_sitenote_category":0},"product_brand":[],"product_cat":[17],"product_tag":[21,23,20,18],"class_list":{"0":"post-58","1":"product","2":"type-product","3":"status-publish","4":"has-post-thumbnail","6":"product_cat-xaropes","7":"product_tag-drink","8":"product_tag-limao-siciliano","9":"product_tag-soda-italiana","10":"product_tag-xarope","12":"first","13":"instock","14":"shipping-taxable","15":"purchasable","16":"product-type-simple"},"aioseo_notices":[],"jetpack_sharing_enabled":true,"_links":{"self":[{"href":"https:\/\/elixirroyale.com.br\/index.php\/wp-json\/wp\/v2\/product\/58","targetHints":{"allow":["GET"]}}],"collection":[{"href":"https:\/\/elixirroyale.com.br\/index.php\/wp-json\/wp\/v2\/product"}],"about":[{"href":"https:\/\/elixirroyale.com.br\/index.php\/wp-json\/wp\/v2\/types\/product"}],"wp:featuredmedia":[{"embeddable":true,"href":"https:\/\/elixirroyale.com.br\/index.php\/wp-json\/wp\/v2\/media\/327"}],"wp:attachment":[{"href":"https:\/\/elixirroyale.com.br\/index.php\/wp-json\/wp\/v2\/media?parent=58"}],"wp:term":[{"taxonomy":"product_brand","embeddable":true,"href":"https:\/\/elixirroyale.com.br\/index.php\/wp-json\/wp\/v2\/product_brand?post=58"},{"taxonomy":"product_cat","embeddable":true,"href":"https:\/\/elixirroyale.com.br\/index.php\/wp-json\/wp\/v2\/product_cat?post=58"},{"taxonomy":"product_tag","embeddable":true,"href":"https:\/\/elixirroyale.com.br\/index.php\/wp-json\/wp\/v2\/product_tag?post=58"}],"curies":[{"name":"wp","href":"https:\/\/api.w.org\/{rel}","templated":true}]}}